{"id":1053,"date":"2025-09-30T09:25:45","date_gmt":"2025-09-30T07:25:45","guid":{"rendered":"https:\/\/khusseintakhmazov24.thkit.ee\/wp\/?page_id=1053"},"modified":"2026-01-05T16:47:19","modified_gmt":"2026-01-05T13:47:19","slug":"sonastik","status":"publish","type":"page","link":"https:\/\/khusseintakhmazov24.thkit.ee\/wp\/eng\/?page_id=1053","title":{"rendered":"S\u00f5nastik"},"content":{"rendered":"<div class=\"dictionary\">\r\n\t<nav class=\"letters\"><a href=\"?rest_route=%2Fwp%2Fv2%2Fpages%2F1053&letter=28\" class=\"letter \">_<\/a><a href=\"?rest_route=%2Fwp%2Fv2%2Fpages%2F1053&letter=30\" class=\"letter \">A<\/a><a href=\"?rest_route=%2Fwp%2Fv2%2Fpages%2F1053&letter=7\" class=\"letter \">B<\/a><a href=\"?rest_route=%2Fwp%2Fv2%2Fpages%2F1053&letter=8\" class=\"letter \">C<\/a><a href=\"?rest_route=%2Fwp%2Fv2%2Fpages%2F1053&letter=29\" class=\"letter \">D<\/a><a href=\"?rest_route=%2Fwp%2Fv2%2Fpages%2F1053&letter=27\" class=\"letter \">E<\/a><a href=\"?rest_route=%2Fwp%2Fv2%2Fpages%2F1053&letter=9\" class=\"letter \">F<\/a><a href=\"?rest_route=%2Fwp%2Fv2%2Fpages%2F1053&letter=10\" class=\"letter \">H<\/a><a href=\"?rest_route=%2Fwp%2Fv2%2Fpages%2F1053&letter=11\" class=\"letter \">I<\/a><a href=\"?rest_route=%2Fwp%2Fv2%2Fpages%2F1053&letter=12\" class=\"letter \">J<\/a><a href=\"?rest_route=%2Fwp%2Fv2%2Fpages%2F1053&letter=13\" class=\"letter \">M<\/a><a href=\"?rest_route=%2Fwp%2Fv2%2Fpages%2F1053&letter=14\" class=\"letter \">N<\/a><a href=\"?rest_route=%2Fwp%2Fv2%2Fpages%2F1053&letter=34\" class=\"letter \">O<\/a><a href=\"?rest_route=%2Fwp%2Fv2%2Fpages%2F1053&letter=15\" class=\"letter \">S<\/a><a href=\"?rest_route=%2Fwp%2Fv2%2Fpages%2F1053&letter=16\" class=\"letter \">T<\/a><a href=\"?rest_route=%2Fwp%2Fv2%2Fpages%2F1053&letter=17\" class=\"letter \">U<\/a><a href=\"?rest_route=%2Fwp%2Fv2%2Fpages%2F1053&letter=31\" class=\"letter \">V<\/a><\/nav><div class=\"terms\"><div class=\"term\"><strong>_blank<\/strong> (<a href=\"?rest_route=%2Fwp%2Fv2%2Fpages%2F1053&terms-tag=32\">HTML<\/a>) - target attribute to \"_blank\", the <em>link<\/em> will <em>open<\/em> in a <em>new browser window<\/em> or a <em>new tab<\/em>.<\/div><div class=\"term\"><strong>alt<\/strong> (<a href=\"?rest_route=%2Fwp%2Fv2%2Fpages%2F1053&terms-tag=32\">HTML<\/a>) - <span class=\"BxUVEf ILfuVd\" lang=\"en\"><span class=\"hgKElc pOOWX\">The required <b>alt attribute<\/b> specifies an alternate text for an image, if the image cannot be displayed.<\/span><\/span><\/div><div class=\"term\"><strong>audio<\/strong> (<a href=\"?rest_route=%2Fwp%2Fv2%2Fpages%2F1053&terms-tag=32\">HTML<\/a>) - <span class=\"NA6bn BxUVEf ILfuVd\" lang=\"en\"><span class=\"hgKElc pOOWX\">The <b>&lt;audio&gt;<\/b> tag is used to embed sound content in a document, such as music or other audio streams.<\/span><\/span><\/div><div class=\"term\"><strong>backround HTML<\/strong> (<a href=\"?rest_route=%2Fwp%2Fv2%2Fpages%2F1053&terms-tag=32\">HTML<\/a>) - To add a background image on an HTML element, use the HTML <code class=\"w3-codespan\">style<\/code> attribute and the CSS <code class=\"w3-codespan\">background-image<\/code> property:\r\n\r\n<span class=\"tagnamecolor\"><span class=\"tagcolor\">&lt;<\/span>p<span class=\"attributecolor\"> style<span class=\"attributevaluecolor\">=\"background-image: url('img_girl.jpg');\"<\/span><\/span><span class=\"tagcolor\">&gt;<\/span><\/span><\/div><div class=\"term\"><strong>body<\/strong>  - <strong>&lt;body&gt;<\/strong> -silt m\u00e4\u00e4ratleb dokumendi p\u00f5hiosa. See element sisaldab kogu HTML-dokumendi sisu, n\u00e4iteks pealkirjad, l\u00f5igud, pildid, h\u00fcperlingid, tabelid, loendid jne.<\/div><div class=\"term\"><strong>br<\/strong> (<a href=\"?rest_route=%2Fwp%2Fv2%2Fpages%2F1053&terms-tag=32\">HTML<\/a>) - &lt;br&gt; - tag inserts a single line break.<\/div><div class=\"term\"><strong>button<\/strong>  - <strong>&lt;button&gt;<\/strong> - silt m\u00e4\u00e4ratleb kl\u00f5psatava nupu.\n\nN\u00e4ide:\n\n&lt;button type=\"button\" onclick=\"alert('Hello world!')\"&gt;Click Me!&lt;\/button&gt;<\/div><div class=\"term\"><strong>canvas<\/strong> (<a href=\"?rest_route=%2Fwp%2Fv2%2Fpages%2F1053&terms-tag=32\">HTML<\/a>) - <span class=\"NA6bn BxUVEf ILfuVd\" lang=\"en\"><span class=\"hgKElc pOOWX\">The HTML &lt;canvas&gt; element is used to <b>draw graphics on a web page<\/b>. The HTML &lt;canvas&gt; elemen<\/span><\/span><span class=\"NA6bn BxUVEf ILfuVd\" lang=\"en\"><span class=\"hgKElc pOOWX\"> is only a <\/span><\/span><span class=\"NA6bn BxUVEf ILfuVd\" lang=\"en\"><span class=\"hgKElc pOOWX\">container for graphics.<\/span><\/span>\r\n\r\n<span class=\"NA6bn BxUVEf ILfuVd\" lang=\"en\"><span class=\"hgKElc pOOWX\">You must use a script to actually draw the graphics. Canvas has several methods for drawing paths, boxes, circles, text, and adding images.<\/span><\/span><\/div><div class=\"term\"><strong>CCS<\/strong>  - <span class=\"BxUVEf ILfuVd\" lang=\"en\"><span class=\"hgKElc\"><strong>Cascading Style Sheets<\/strong> - file created for designing a website<\/span><\/span><\/div><div class=\"term\"><strong>checkbox<\/strong>  - &lt;<em>input type=\"checkbox<\/em>\"&gt; defines a checkbox. The checkbox is shown as a square box that is ticked (checked) when activated.<\/div><\/div><div class=\"td-pagination\"><span aria-current=\"page\" class=\"page-numbers current\">1<\/span>\n<a class=\"page-numbers\" href=\"?page_terms=2&#038;rest_route=%2Fwp%2Fv2%2Fpages%2F1053\">2<\/a>\n<a class=\"page-numbers\" href=\"?page_terms=3&#038;rest_route=%2Fwp%2Fv2%2Fpages%2F1053\">3<\/a>\n<a class=\"page-numbers\" href=\"?page_terms=4&#038;rest_route=%2Fwp%2Fv2%2Fpages%2F1053\">4<\/a><\/div><\/div>\n\n\n\n<h2 class=\"wp-block-heading\">Categories:<\/h2>\n\n\n\n<ul class=\"wp-block-list\">\n<li><a href=\"https:\/\/khusseintakhmazov24.thkit.ee\/wp\/eng\/?page_id=1053&amp;terms-tag=69\">HTML<\/a><\/li>\n<\/ul>\n\n\n\n<ul class=\"wp-block-list\">\n<li>CSS<\/li>\n\n\n\n<li><\/li>\n<\/ul>\n","protected":false},"excerpt":{"rendered":"<p>Categories:<\/p>\n","protected":false},"author":1,"featured_media":0,"parent":0,"menu_order":0,"comment_status":"closed","ping_status":"closed","template":"","meta":{"footnotes":""},"class_list":["post-1053","page","type-page","status-publish","hentry"],"yoast_head":"<!-- This site is optimized with the Yoast SEO plugin v27.4 - https:\/\/yoast.com\/product\/yoast-seo-wordpress\/ -->\n<title>S\u00f5nastik - Hussein Tahmazov portfolio eng<\/title>\n<meta name=\"robots\" content=\"index, follow, max-snippet:-1, max-image-preview:large, max-video-preview:-1\" \/>\n<link rel=\"canonical\" href=\"https:\/\/khusseintakhmazov24.thkit.ee\/wp\/eng\/?page_id=1053\" \/>\n<meta property=\"og:locale\" content=\"en_GB\" \/>\n<meta property=\"og:type\" content=\"article\" \/>\n<meta property=\"og:title\" content=\"S\u00f5nastik - Hussein Tahmazov portfolio eng\" \/>\n<meta property=\"og:description\" content=\"Categories:\" \/>\n<meta property=\"og:url\" content=\"https:\/\/khusseintakhmazov24.thkit.ee\/wp\/eng\/?page_id=1053\" \/>\n<meta property=\"og:site_name\" content=\"Hussein Tahmazov portfolio eng\" \/>\n<meta property=\"article:modified_time\" content=\"2026-01-05T13:47:19+00:00\" \/>\n<meta name=\"twitter:card\" content=\"summary_large_image\" \/>\n<meta name=\"twitter:label1\" content=\"Estimated reading time\" \/>\n\t<meta name=\"twitter:data1\" content=\"1 minute\" \/>\n<script type=\"application\/ld+json\" class=\"yoast-schema-graph\">{\"@context\":\"https:\\\/\\\/schema.org\",\"@graph\":[{\"@type\":\"WebPage\",\"@id\":\"https:\\\/\\\/khusseintakhmazov24.thkit.ee\\\/wp\\\/eng\\\/?page_id=1053\",\"url\":\"https:\\\/\\\/khusseintakhmazov24.thkit.ee\\\/wp\\\/eng\\\/?page_id=1053\",\"name\":\"S\u00f5nastik - Hussein Tahmazov portfolio eng\",\"isPartOf\":{\"@id\":\"https:\\\/\\\/khusseintakhmazov24.thkit.ee\\\/wp\\\/eng\\\/#website\"},\"datePublished\":\"2025-09-30T07:25:45+00:00\",\"dateModified\":\"2026-01-05T13:47:19+00:00\",\"breadcrumb\":{\"@id\":\"https:\\\/\\\/khusseintakhmazov24.thkit.ee\\\/wp\\\/eng\\\/?page_id=1053#breadcrumb\"},\"inLanguage\":\"en-GB\",\"potentialAction\":[{\"@type\":\"ReadAction\",\"target\":[\"https:\\\/\\\/khusseintakhmazov24.thkit.ee\\\/wp\\\/eng\\\/?page_id=1053\"]}]},{\"@type\":\"BreadcrumbList\",\"@id\":\"https:\\\/\\\/khusseintakhmazov24.thkit.ee\\\/wp\\\/eng\\\/?page_id=1053#breadcrumb\",\"itemListElement\":[{\"@type\":\"ListItem\",\"position\":1,\"name\":\"Home\",\"item\":\"https:\\\/\\\/khusseintakhmazov24.thkit.ee\\\/wp\\\/eng\"},{\"@type\":\"ListItem\",\"position\":2,\"name\":\"S\u00f5nastik\"}]},{\"@type\":\"WebSite\",\"@id\":\"https:\\\/\\\/khusseintakhmazov24.thkit.ee\\\/wp\\\/eng\\\/#website\",\"url\":\"https:\\\/\\\/khusseintakhmazov24.thkit.ee\\\/wp\\\/eng\\\/\",\"name\":\"Hussein Tahmazov portfolio eng\",\"description\":\"Junior Software Developer\",\"potentialAction\":[{\"@type\":\"SearchAction\",\"target\":{\"@type\":\"EntryPoint\",\"urlTemplate\":\"https:\\\/\\\/khusseintakhmazov24.thkit.ee\\\/wp\\\/eng\\\/?s={search_term_string}\"},\"query-input\":{\"@type\":\"PropertyValueSpecification\",\"valueRequired\":true,\"valueName\":\"search_term_string\"}}],\"inLanguage\":\"en-GB\"}]}<\/script>\n<!-- \/ Yoast SEO plugin. -->","yoast_head_json":{"title":"S\u00f5nastik - Hussein Tahmazov portfolio eng","robots":{"index":"index","follow":"follow","max-snippet":"max-snippet:-1","max-image-preview":"max-image-preview:large","max-video-preview":"max-video-preview:-1"},"canonical":"https:\/\/khusseintakhmazov24.thkit.ee\/wp\/eng\/?page_id=1053","og_locale":"en_GB","og_type":"article","og_title":"S\u00f5nastik - Hussein Tahmazov portfolio eng","og_description":"Categories:","og_url":"https:\/\/khusseintakhmazov24.thkit.ee\/wp\/eng\/?page_id=1053","og_site_name":"Hussein Tahmazov portfolio eng","article_modified_time":"2026-01-05T13:47:19+00:00","twitter_card":"summary_large_image","twitter_misc":{"Estimated reading time":"1 minute"},"schema":{"@context":"https:\/\/schema.org","@graph":[{"@type":"WebPage","@id":"https:\/\/khusseintakhmazov24.thkit.ee\/wp\/eng\/?page_id=1053","url":"https:\/\/khusseintakhmazov24.thkit.ee\/wp\/eng\/?page_id=1053","name":"S\u00f5nastik - Hussein Tahmazov portfolio eng","isPartOf":{"@id":"https:\/\/khusseintakhmazov24.thkit.ee\/wp\/eng\/#website"},"datePublished":"2025-09-30T07:25:45+00:00","dateModified":"2026-01-05T13:47:19+00:00","breadcrumb":{"@id":"https:\/\/khusseintakhmazov24.thkit.ee\/wp\/eng\/?page_id=1053#breadcrumb"},"inLanguage":"en-GB","potentialAction":[{"@type":"ReadAction","target":["https:\/\/khusseintakhmazov24.thkit.ee\/wp\/eng\/?page_id=1053"]}]},{"@type":"BreadcrumbList","@id":"https:\/\/khusseintakhmazov24.thkit.ee\/wp\/eng\/?page_id=1053#breadcrumb","itemListElement":[{"@type":"ListItem","position":1,"name":"Home","item":"https:\/\/khusseintakhmazov24.thkit.ee\/wp\/eng"},{"@type":"ListItem","position":2,"name":"S\u00f5nastik"}]},{"@type":"WebSite","@id":"https:\/\/khusseintakhmazov24.thkit.ee\/wp\/eng\/#website","url":"https:\/\/khusseintakhmazov24.thkit.ee\/wp\/eng\/","name":"Hussein Tahmazov portfolio eng","description":"Junior Software Developer","potentialAction":[{"@type":"SearchAction","target":{"@type":"EntryPoint","urlTemplate":"https:\/\/khusseintakhmazov24.thkit.ee\/wp\/eng\/?s={search_term_string}"},"query-input":{"@type":"PropertyValueSpecification","valueRequired":true,"valueName":"search_term_string"}}],"inLanguage":"en-GB"}]}},"_links":{"self":[{"href":"https:\/\/khusseintakhmazov24.thkit.ee\/wp\/eng\/index.php?rest_route=\/wp\/v2\/pages\/1053","targetHints":{"allow":["GET"]}}],"collection":[{"href":"https:\/\/khusseintakhmazov24.thkit.ee\/wp\/eng\/index.php?rest_route=\/wp\/v2\/pages"}],"about":[{"href":"https:\/\/khusseintakhmazov24.thkit.ee\/wp\/eng\/index.php?rest_route=\/wp\/v2\/types\/page"}],"author":[{"embeddable":true,"href":"https:\/\/khusseintakhmazov24.thkit.ee\/wp\/eng\/index.php?rest_route=\/wp\/v2\/users\/1"}],"replies":[{"embeddable":true,"href":"https:\/\/khusseintakhmazov24.thkit.ee\/wp\/eng\/index.php?rest_route=%2Fwp%2Fv2%2Fcomments&post=1053"}],"version-history":[{"count":6,"href":"https:\/\/khusseintakhmazov24.thkit.ee\/wp\/eng\/index.php?rest_route=\/wp\/v2\/pages\/1053\/revisions"}],"predecessor-version":[{"id":1366,"href":"https:\/\/khusseintakhmazov24.thkit.ee\/wp\/eng\/index.php?rest_route=\/wp\/v2\/pages\/1053\/revisions\/1366"}],"wp:attachment":[{"href":"https:\/\/khusseintakhmazov24.thkit.ee\/wp\/eng\/index.php?rest_route=%2Fwp%2Fv2%2Fmedia&parent=1053"}],"curies":[{"name":"wp","href":"https:\/\/api.w.org\/{rel}","templated":true}]}}